{"id":47569,"date":"2025-04-16T16:10:21","date_gmt":"2025-04-16T14:10:21","guid":{"rendered":"https:\/\/www.yucopia.com\/?page_id=47569"},"modified":"2025-04-16T16:11:48","modified_gmt":"2025-04-16T14:11:48","slug":"contact","status":"publish","type":"page","link":"https:\/\/www.yucopia.com\/fr\/contact\/","title":{"rendered":"Contact"},"content":{"rendered":"<div class=\"gb-container gb-container-0b462ef8 gbp-section\" id=\"contact\">\n\n<div class=\"gbp-section__inner gb-element-0ab1bd5e\">\n<div class=\"gb-element-e1b44dfd\">\n<div>\n<p class=\"gb-text gbp-section__tagline\">CONTACTEZ-NOUS<\/p>\n\n\n\n<h2 class=\"gb-text\"><em><strong><strong>Pr\u00eat \u00e0 vous lancer ?<\/strong><\/strong><\/em><\/h2>\n\n\n\n<p class=\"gb-text gbp-section__text--lg\"><em>Contactez-nous et d\u00e9couvrez comment Yucopia peut optimiser vos processus de commande.<\/em><\/p>\n<\/div>\n\n\n\n<div>\n<div class=\"gb-element-16eb3316\"><div class=\"gb-container gb-container-c7ce730c\">\n\n<div class=\"wpcf7 no-js\" id=\"wpcf7-f47284-o1\" lang=\"en-US\" dir=\"ltr\" data-wpcf7-id=\"47284\">\n<div class=\"screen-reader-response\"><p role=\"status\" aria-live=\"polite\" aria-atomic=\"true\"><\/p> <ul><\/ul><\/div>\n<form action=\"\/fr\/wp-json\/wp\/v2\/pages\/47569#wpcf7-f47284-o1\" method=\"post\" class=\"wpcf7-form init\" aria-label=\"Contact form\" novalidate=\"novalidate\" data-status=\"init\" data-trp-original-action=\"\/fr\/wp-json\/wp\/v2\/pages\/47569#wpcf7-f47284-o1\">\n<div style=\"display: none;\">\n<input type=\"hidden\" name=\"_wpcf7\" value=\"47284\" \/>\n<input type=\"hidden\" name=\"_wpcf7_version\" value=\"6.0.6\" \/>\n<input type=\"hidden\" name=\"_wpcf7_locale\" value=\"en_US\" \/>\n<input type=\"hidden\" name=\"_wpcf7_unit_tag\" value=\"wpcf7-f47284-o1\" \/>\n<input type=\"hidden\" name=\"_wpcf7_container_post\" value=\"0\" \/>\n<input type=\"hidden\" name=\"_wpcf7_posted_data_hash\" value=\"\" \/>\n<\/div>\n<div class=\"form-item\"><label>Nom<\/label><div><span class=\"wpcf7-form-control-wrap\" data-name=\"your-name\"><input size=\"40\" maxlength=\"400\" class=\"wpcf7-form-control wpcf7-text wpcf7-validates-as-required\" autocomplete=\"name\" aria-required=\"true\" aria-invalid=\"false\" value=\"\" type=\"text\" name=\"your-name\" \/><\/span><\/div><\/div>\n<div class=\"form-item\"><label>Adresse e-mail<\/label><div><span class=\"wpcf7-form-control-wrap\" data-name=\"your-email\"><input size=\"40\" maxlength=\"400\" class=\"wpcf7-form-control wpcf7-email wpcf7-validates-as-required wpcf7-text wpcf7-validates-as-email\" autocomplete=\"email\" aria-required=\"true\" aria-invalid=\"false\" value=\"\" type=\"email\" name=\"your-email\" \/><\/span><\/div><\/div>\n<div class=\"form-item\"><label>Num\u00e9ro de t\u00e9l\u00e9phone <small>(optionnel)<\/small><\/label><div><span class=\"wpcf7-form-control-wrap\" data-name=\"your-phone\"><input size=\"40\" maxlength=\"400\" class=\"wpcf7-form-control wpcf7-tel wpcf7-text wpcf7-validates-as-tel\" autocomplete=\"tel\" aria-invalid=\"false\" value=\"\" type=\"tel\" name=\"your-phone\" \/><\/span><\/div><\/div>\n<div class=\"form-item\"><label>Question<\/label><div><span class=\"wpcf7-form-control-wrap\" data-name=\"your-message\"><textarea cols=\"40\" rows=\"10\" maxlength=\"2000\" class=\"wpcf7-form-control wpcf7-textarea wpcf7-validates-as-required\" aria-required=\"true\" aria-invalid=\"false\" name=\"your-message\"><\/textarea><\/span><\/div><\/div>\n\n<div class=\"cf7-cf-turnstile\" style=\"margin-top: 0px; margin-bottom: -15px;\"> <div id=\"cf-turnstile-cf7-3668680203\" class=\"cf-turnstile\" data-sitekey=\"0x4AAAAAAB6WGHSBN7o6z8YR\" data-theme=\"light\" data-language=\"auto\" data-size=\"normal\" data-retry=\"auto\" data-retry-interval=\"1000\" data-action=\"contact-form-7\" data-appearance=\"always\"><\/div> <script>document.addEventListener(\"DOMContentLoaded\", function() { setTimeout(function(){ var e=document.getElementById(\"cf-turnstile-cf7-3668680203\"); e&&!e.innerHTML.trim()&&(turnstile.remove(\"#cf-turnstile-cf7-3668680203\"), turnstile.render(\"#cf-turnstile-cf7-3668680203\", {sitekey:\"0x4AAAAAAB6WGHSBN7o6z8YR\"})); }, 0); });<\/script> <br class=\"cf-turnstile-br cf-turnstile-br-cf7-3668680203\"> <style>#cf-turnstile-cf7-3668680203 { margin-left: -15px; }<\/style> <script>document.addEventListener(\"DOMContentLoaded\",function(){document.querySelectorAll('.wpcf7-form').forEach(function(e){e.addEventListener('submit',function(){if(document.getElementById('cf-turnstile-cf7-3668680203')){setTimeout(function(){turnstile.reset('#cf-turnstile-cf7-3668680203');},1000)}})})});<\/script> <\/div><br\/><input class=\"wpcf7-form-control wpcf7-submit has-spinner\" type=\"submit\" value=\"Envoyer\" \/><div class=\"wpcf7-response-output\" aria-hidden=\"true\"><\/div>\n<input type=\"hidden\" name=\"trp-form-language\" value=\"fr\"\/><\/form>\n<\/div>\n\n\n<\/div><\/div>\n<\/div>\n<\/div>\n<\/div>\n\n<\/div>","protected":false},"excerpt":{"rendered":"<p>CONTACTEER ONS Klaar om te Starten? Neem contact met ons op en ontdek hoe Yucopia jouw bestelprocessen kan optimaliseren.<\/p>","protected":false},"author":2,"featured_media":0,"parent":0,"menu_order":0,"comment_status":"closed","ping_status":"closed","template":"","meta":{"footnotes":""},"class_list":["post-47569","page","type-page","status-publish"],"yoast_head":"<!-- This site is optimized with the Yoast SEO plugin v25.3.1 - https:\/\/yoast.com\/wordpress\/plugins\/seo\/ -->\n<title>Contacteer ons - Yucopia<\/title>\n<meta name=\"description\" content=\"Neem contact op met Yucopia en ontdek hoe ons digitaal platform jouw bestelprocessen vereenvoudigt, kosten bespaart en effici\u00ebntie verhoogt.\" \/>\n<meta name=\"robots\" content=\"index, follow, max-snippet:-1, max-image-preview:large, max-video-preview:-1\" \/>\n<link rel=\"canonical\" href=\"https:\/\/www.yucopia.com\/fr\/contact\/\" \/>\n<meta property=\"og:locale\" content=\"fr_FR\" \/>\n<meta property=\"og:type\" content=\"article\" \/>\n<meta property=\"og:title\" content=\"Contacteer ons - Yucopia\" \/>\n<meta property=\"og:description\" content=\"Neem contact op met Yucopia en ontdek hoe ons digitaal platform jouw bestelprocessen vereenvoudigt, kosten bespaart en effici\u00ebntie verhoogt.\" \/>\n<meta property=\"og:url\" content=\"https:\/\/www.yucopia.com\/fr\/contact\/\" \/>\n<meta property=\"og:site_name\" content=\"Yucopia\" \/>\n<meta property=\"article:publisher\" content=\"https:\/\/www.facebook.com\/yucopia\" \/>\n<meta property=\"article:modified_time\" content=\"2025-04-16T14:11:48+00:00\" \/>\n<meta property=\"og:image\" content=\"https:\/\/www.yucopia.com\/wp-content\/uploads\/2025\/04\/yucopia-cover.jpg\" \/>\n\t<meta property=\"og:image:width\" content=\"1200\" \/>\n\t<meta property=\"og:image:height\" content=\"675\" \/>\n\t<meta property=\"og:image:type\" content=\"image\/jpeg\" \/>\n<meta name=\"twitter:card\" content=\"summary_large_image\" \/>\n<meta name=\"twitter:label1\" content=\"Est. reading time\" \/>\n\t<meta name=\"twitter:data1\" content=\"1 minute\" \/>\n<script type=\"application\/ld+json\" class=\"yoast-schema-graph\">{\"@context\":\"https:\/\/schema.org\",\"@graph\":[{\"@type\":\"WebPage\",\"@id\":\"https:\/\/www.yucopia.com\/contact\/\",\"url\":\"https:\/\/www.yucopia.com\/contact\/\",\"name\":\"Contacteer ons - Yucopia\",\"isPartOf\":{\"@id\":\"https:\/\/www.yucopia.com\/#website\"},\"datePublished\":\"2025-04-16T14:10:21+00:00\",\"dateModified\":\"2025-04-16T14:11:48+00:00\",\"description\":\"Neem contact op met Yucopia en ontdek hoe ons digitaal platform jouw bestelprocessen vereenvoudigt, kosten bespaart en effici\u00ebntie verhoogt.\",\"breadcrumb\":{\"@id\":\"https:\/\/www.yucopia.com\/contact\/#breadcrumb\"},\"inLanguage\":\"fr-be\",\"potentialAction\":[{\"@type\":\"ReadAction\",\"target\":[\"https:\/\/www.yucopia.com\/contact\/\"]}]},{\"@type\":\"BreadcrumbList\",\"@id\":\"https:\/\/www.yucopia.com\/contact\/#breadcrumb\",\"itemListElement\":[{\"@type\":\"ListItem\",\"position\":1,\"name\":\"Home\",\"item\":\"https:\/\/www.yucopia.com\/\"},{\"@type\":\"ListItem\",\"position\":2,\"name\":\"Contact\"}]},{\"@type\":\"WebSite\",\"@id\":\"https:\/\/www.yucopia.com\/#website\",\"url\":\"https:\/\/www.yucopia.com\/\",\"name\":\"Yucopia\",\"description\":\"Monitor je uitgaven en bespaar door betere inzichten\",\"publisher\":{\"@id\":\"https:\/\/www.yucopia.com\/#organization\"},\"potentialAction\":[{\"@type\":\"SearchAction\",\"target\":{\"@type\":\"EntryPoint\",\"urlTemplate\":\"https:\/\/www.yucopia.com\/?s={search_term_string}\"},\"query-input\":{\"@type\":\"PropertyValueSpecification\",\"valueRequired\":true,\"valueName\":\"search_term_string\"}}],\"inLanguage\":\"fr-be\"},{\"@type\":\"Organization\",\"@id\":\"https:\/\/www.yucopia.com\/#organization\",\"name\":\"Yucopia\",\"url\":\"https:\/\/www.yucopia.com\/\",\"logo\":{\"@type\":\"ImageObject\",\"inLanguage\":\"fr-be\",\"@id\":\"https:\/\/www.yucopia.com\/#\/schema\/logo\/image\/\",\"url\":\"https:\/\/www.yucopia.com\/wp-content\/uploads\/2025\/03\/logo_yucopia_icon.png\",\"contentUrl\":\"https:\/\/www.yucopia.com\/wp-content\/uploads\/2025\/03\/logo_yucopia_icon.png\",\"width\":1667,\"height\":1667,\"caption\":\"Yucopia\"},\"image\":{\"@id\":\"https:\/\/www.yucopia.com\/#\/schema\/logo\/image\/\"},\"sameAs\":[\"https:\/\/www.facebook.com\/yucopia\"]}]}<\/script>\n<!-- \/ Yoast SEO plugin. -->","yoast_head_json":{"title":"Contacteer ons - Yucopia","description":"Neem contact op met Yucopia en ontdek hoe ons digitaal platform jouw bestelprocessen vereenvoudigt, kosten bespaart en effici\u00ebntie verhoogt.","robots":{"index":"index","follow":"follow","max-snippet":"max-snippet:-1","max-image-preview":"max-image-preview:large","max-video-preview":"max-video-preview:-1"},"canonical":"https:\/\/www.yucopia.com\/fr\/contact\/","og_locale":"fr_FR","og_type":"article","og_title":"Contacteer ons - Yucopia","og_description":"Neem contact op met Yucopia en ontdek hoe ons digitaal platform jouw bestelprocessen vereenvoudigt, kosten bespaart en effici\u00ebntie verhoogt.","og_url":"https:\/\/www.yucopia.com\/fr\/contact\/","og_site_name":"Yucopia","article_publisher":"https:\/\/www.facebook.com\/yucopia","article_modified_time":"2025-04-16T14:11:48+00:00","og_image":[{"width":1200,"height":675,"url":"https:\/\/www.yucopia.com\/wp-content\/uploads\/2025\/04\/yucopia-cover.jpg","type":"image\/jpeg"}],"twitter_card":"summary_large_image","twitter_misc":{"Est. reading time":"1 minute"},"schema":{"@context":"https:\/\/schema.org","@graph":[{"@type":"WebPage","@id":"https:\/\/www.yucopia.com\/contact\/","url":"https:\/\/www.yucopia.com\/contact\/","name":"Contacteer ons - Yucopia","isPartOf":{"@id":"https:\/\/www.yucopia.com\/#website"},"datePublished":"2025-04-16T14:10:21+00:00","dateModified":"2025-04-16T14:11:48+00:00","description":"Neem contact op met Yucopia en ontdek hoe ons digitaal platform jouw bestelprocessen vereenvoudigt, kosten bespaart en effici\u00ebntie verhoogt.","breadcrumb":{"@id":"https:\/\/www.yucopia.com\/contact\/#breadcrumb"},"inLanguage":"fr-be","potentialAction":[{"@type":"ReadAction","target":["https:\/\/www.yucopia.com\/contact\/"]}]},{"@type":"BreadcrumbList","@id":"https:\/\/www.yucopia.com\/contact\/#breadcrumb","itemListElement":[{"@type":"ListItem","position":1,"name":"Home","item":"https:\/\/www.yucopia.com\/"},{"@type":"ListItem","position":2,"name":"Contact"}]},{"@type":"WebSite","@id":"https:\/\/www.yucopia.com\/#website","url":"https:\/\/www.yucopia.com\/","name":"Yucopia","description":"Monitor je uitgaven en bespaar door betere inzichten","publisher":{"@id":"https:\/\/www.yucopia.com\/#organization"},"potentialAction":[{"@type":"SearchAction","target":{"@type":"EntryPoint","urlTemplate":"https:\/\/www.yucopia.com\/?s={search_term_string}"},"query-input":{"@type":"PropertyValueSpecification","valueRequired":true,"valueName":"search_term_string"}}],"inLanguage":"fr-be"},{"@type":"Organization","@id":"https:\/\/www.yucopia.com\/#organization","name":"Yucopia","url":"https:\/\/www.yucopia.com\/","logo":{"@type":"ImageObject","inLanguage":"fr-be","@id":"https:\/\/www.yucopia.com\/#\/schema\/logo\/image\/","url":"https:\/\/www.yucopia.com\/wp-content\/uploads\/2025\/03\/logo_yucopia_icon.png","contentUrl":"https:\/\/www.yucopia.com\/wp-content\/uploads\/2025\/03\/logo_yucopia_icon.png","width":1667,"height":1667,"caption":"Yucopia"},"image":{"@id":"https:\/\/www.yucopia.com\/#\/schema\/logo\/image\/"},"sameAs":["https:\/\/www.facebook.com\/yucopia"]}]}},"_links":{"self":[{"href":"https:\/\/www.yucopia.com\/fr\/wp-json\/wp\/v2\/pages\/47569","targetHints":{"allow":["GET"]}}],"collection":[{"href":"https:\/\/www.yucopia.com\/fr\/wp-json\/wp\/v2\/pages"}],"about":[{"href":"https:\/\/www.yucopia.com\/fr\/wp-json\/wp\/v2\/types\/page"}],"author":[{"embeddable":true,"href":"https:\/\/www.yucopia.com\/fr\/wp-json\/wp\/v2\/users\/2"}],"replies":[{"embeddable":true,"href":"https:\/\/www.yucopia.com\/fr\/wp-json\/wp\/v2\/comments?post=47569"}],"version-history":[{"count":2,"href":"https:\/\/www.yucopia.com\/fr\/wp-json\/wp\/v2\/pages\/47569\/revisions"}],"predecessor-version":[{"id":47571,"href":"https:\/\/www.yucopia.com\/fr\/wp-json\/wp\/v2\/pages\/47569\/revisions\/47571"}],"wp:attachment":[{"href":"https:\/\/www.yucopia.com\/fr\/wp-json\/wp\/v2\/media?parent=47569"}],"curies":[{"name":"wp","href":"https:\/\/api.w.org\/{rel}","templated":true}]}}